{"id":388607,"date":"2022-11-10T14:09:26","date_gmt":"2022-11-10T13:09:26","guid":{"rendered":"https:\/\/sistemasdelfin.com\/online-store\/non%20class\u00e9\/tubo-de-50-mm-reforzado-9200-r\/"},"modified":"2024-01-18T09:41:33","modified_gmt":"2024-01-18T08:41:33","slug":"tube-renforce-50-mm-9200-r","status":"publish","type":"product","link":"https:\/\/sistemasdelfin.com\/fr\/boutique-en-ligne\/rideau-technique\/systemes-a-rouleaux\/tuyaux\/tube-renforce-50-mm-9200-r\/","title":{"rendered":"TUBE RENFORC\u00c9 50 MM (9200\/R)"},"content":{"rendered":"<p>&#8211; Entra\u00eenement : cha\u00eene, ressort, manivelle et moteur.<\/p>\n","protected":false},"excerpt":{"rendered":"<p>&#8211; Entra\u00eenement : cha\u00eene, ressort, manivelle et moteur.<\/p>\n","protected":false},"featured_media":386907,"template":"","meta":{"_acf_changed":false,"_et_pb_use_builder":"","_et_pb_old_content":"","_et_gb_content_width":""},"product_cat":[102,188,202],"product_tag":[],"acf":[],"yoast_head":"<!-- This site is optimized with the Yoast SEO plugin v23.0 - https:\/\/yoast.com\/wordpress\/plugins\/seo\/ -->\n<title>TUBE RENFORC\u00c9 50 MM (9200\/R) - Sistemas Delf\u00edn Tecno Cortinas<\/title>\n<meta name=\"robots\" content=\"index, follow, max-snippet:-1, max-image-preview:large, max-video-preview:-1\" \/>\n<link rel=\"canonical\" href=\"https:\/\/sistemasdelfin.com\/fr\/boutique-en-ligne\/rideau-technique\/systemes-a-rouleaux\/tuyaux\/tube-renforce-50-mm-9200-r\/\" \/>\n<meta property=\"og:locale\" content=\"fr_FR\" \/>\n<meta property=\"og:type\" content=\"article\" \/>\n<meta property=\"og:title\" content=\"TUBE RENFORC\u00c9 50 MM (9200\/R) - Sistemas Delf\u00edn Tecno Cortinas\" \/>\n<meta property=\"og:description\" content=\"&#8211; Entra\u00eenement : cha\u00eene, ressort, manivelle et moteur.\" \/>\n<meta property=\"og:url\" content=\"https:\/\/sistemasdelfin.com\/fr\/boutique-en-ligne\/rideau-technique\/systemes-a-rouleaux\/tuyaux\/tube-renforce-50-mm-9200-r\/\" \/>\n<meta property=\"og:site_name\" content=\"Sistemas Delf\u00edn Tecno Cortinas\" \/>\n<meta property=\"article:modified_time\" content=\"2024-01-18T08:41:33+00:00\" \/>\n<meta property=\"og:image\" content=\"https:\/\/sistemasdelfin.com\/wp-content\/uploads\/2022\/11\/1424557030_2ADU.jpg\" \/>\n\t<meta property=\"og:image:width\" content=\"800\" \/>\n\t<meta property=\"og:image:height\" content=\"533\" \/>\n\t<meta property=\"og:image:type\" content=\"image\/jpeg\" \/>\n<meta name=\"twitter:card\" content=\"summary_large_image\" \/>\n<meta name=\"twitter:label1\" content=\"Dur\u00e9e de lecture estim\u00e9e\" \/>\n\t<meta name=\"twitter:data1\" content=\"1 minute\" \/>\n<script type=\"application\/ld+json\" class=\"yoast-schema-graph\">{\"@context\":\"https:\/\/schema.org\",\"@graph\":[{\"@type\":\"WebPage\",\"@id\":\"https:\/\/sistemasdelfin.com\/fr\/boutique-en-ligne\/rideau-technique\/systemes-a-rouleaux\/tuyaux\/tube-renforce-50-mm-9200-r\/\",\"url\":\"https:\/\/sistemasdelfin.com\/fr\/boutique-en-ligne\/rideau-technique\/systemes-a-rouleaux\/tuyaux\/tube-renforce-50-mm-9200-r\/\",\"name\":\"TUBE RENFORC\u00c9 50 MM (9200\/R) - Sistemas Delf\u00edn Tecno Cortinas\",\"isPartOf\":{\"@id\":\"https:\/\/sistemasdelfin.com\/fr\/#website\"},\"primaryImageOfPage\":{\"@id\":\"https:\/\/sistemasdelfin.com\/fr\/boutique-en-ligne\/rideau-technique\/systemes-a-rouleaux\/tuyaux\/tube-renforce-50-mm-9200-r\/#primaryimage\"},\"image\":{\"@id\":\"https:\/\/sistemasdelfin.com\/fr\/boutique-en-ligne\/rideau-technique\/systemes-a-rouleaux\/tuyaux\/tube-renforce-50-mm-9200-r\/#primaryimage\"},\"thumbnailUrl\":\"https:\/\/sistemasdelfin.com\/wp-content\/uploads\/2022\/11\/1424557030_2ADU.jpg\",\"datePublished\":\"2022-11-10T13:09:26+00:00\",\"dateModified\":\"2024-01-18T08:41:33+00:00\",\"breadcrumb\":{\"@id\":\"https:\/\/sistemasdelfin.com\/fr\/boutique-en-ligne\/rideau-technique\/systemes-a-rouleaux\/tuyaux\/tube-renforce-50-mm-9200-r\/#breadcrumb\"},\"inLanguage\":\"fr-FR\",\"potentialAction\":[{\"@type\":\"ReadAction\",\"target\":[\"https:\/\/sistemasdelfin.com\/fr\/boutique-en-ligne\/rideau-technique\/systemes-a-rouleaux\/tuyaux\/tube-renforce-50-mm-9200-r\/\"]}]},{\"@type\":\"ImageObject\",\"inLanguage\":\"fr-FR\",\"@id\":\"https:\/\/sistemasdelfin.com\/fr\/boutique-en-ligne\/rideau-technique\/systemes-a-rouleaux\/tuyaux\/tube-renforce-50-mm-9200-r\/#primaryimage\",\"url\":\"https:\/\/sistemasdelfin.com\/wp-content\/uploads\/2022\/11\/1424557030_2ADU.jpg\",\"contentUrl\":\"https:\/\/sistemasdelfin.com\/wp-content\/uploads\/2022\/11\/1424557030_2ADU.jpg\",\"width\":800,\"height\":533,\"caption\":\"1424557030_2adu\"},{\"@type\":\"BreadcrumbList\",\"@id\":\"https:\/\/sistemasdelfin.com\/fr\/boutique-en-ligne\/rideau-technique\/systemes-a-rouleaux\/tuyaux\/tube-renforce-50-mm-9200-r\/#breadcrumb\",\"itemListElement\":[{\"@type\":\"ListItem\",\"position\":1,\"name\":\"Initier\",\"item\":\"https:\/\/sistemasdelfin.com\/fr\/\"},{\"@type\":\"ListItem\",\"position\":2,\"name\":\"tienda\",\"item\":\"https:\/\/sistemasdelfin.com\/fr\/boutique-en-ligne\/\"},{\"@type\":\"ListItem\",\"position\":3,\"name\":\"TUBE RENFORC\u00c9 50 MM (9200\/R)\"}]},{\"@type\":\"WebSite\",\"@id\":\"https:\/\/sistemasdelfin.com\/fr\/#website\",\"url\":\"https:\/\/sistemasdelfin.com\/fr\/\",\"name\":\"Sistemas Delf\u00edn Tecno Cortinas\",\"description\":\"\",\"potentialAction\":[{\"@type\":\"SearchAction\",\"target\":{\"@type\":\"EntryPoint\",\"urlTemplate\":\"https:\/\/sistemasdelfin.com\/fr\/?s={search_term_string}\"},\"query-input\":\"required name=search_term_string\"}],\"inLanguage\":\"fr-FR\"}]}<\/script>\n<!-- \/ Yoast SEO plugin. -->","yoast_head_json":{"title":"TUBE RENFORC\u00c9 50 MM (9200\/R) - Sistemas Delf\u00edn Tecno Cortinas","robots":{"index":"index","follow":"follow","max-snippet":"max-snippet:-1","max-image-preview":"max-image-preview:large","max-video-preview":"max-video-preview:-1"},"canonical":"https:\/\/sistemasdelfin.com\/fr\/boutique-en-ligne\/rideau-technique\/systemes-a-rouleaux\/tuyaux\/tube-renforce-50-mm-9200-r\/","og_locale":"fr_FR","og_type":"article","og_title":"TUBE RENFORC\u00c9 50 MM (9200\/R) - Sistemas Delf\u00edn Tecno Cortinas","og_description":"&#8211; Entra\u00eenement : cha\u00eene, ressort, manivelle et moteur.","og_url":"https:\/\/sistemasdelfin.com\/fr\/boutique-en-ligne\/rideau-technique\/systemes-a-rouleaux\/tuyaux\/tube-renforce-50-mm-9200-r\/","og_site_name":"Sistemas Delf\u00edn Tecno Cortinas","article_modified_time":"2024-01-18T08:41:33+00:00","og_image":[{"width":800,"height":533,"url":"https:\/\/sistemasdelfin.com\/wp-content\/uploads\/2022\/11\/1424557030_2ADU.jpg","type":"image\/jpeg"}],"twitter_card":"summary_large_image","twitter_misc":{"Dur\u00e9e de lecture estim\u00e9e":"1 minute"},"schema":{"@context":"https:\/\/schema.org","@graph":[{"@type":"WebPage","@id":"https:\/\/sistemasdelfin.com\/fr\/boutique-en-ligne\/rideau-technique\/systemes-a-rouleaux\/tuyaux\/tube-renforce-50-mm-9200-r\/","url":"https:\/\/sistemasdelfin.com\/fr\/boutique-en-ligne\/rideau-technique\/systemes-a-rouleaux\/tuyaux\/tube-renforce-50-mm-9200-r\/","name":"TUBE RENFORC\u00c9 50 MM (9200\/R) - Sistemas Delf\u00edn Tecno Cortinas","isPartOf":{"@id":"https:\/\/sistemasdelfin.com\/fr\/#website"},"primaryImageOfPage":{"@id":"https:\/\/sistemasdelfin.com\/fr\/boutique-en-ligne\/rideau-technique\/systemes-a-rouleaux\/tuyaux\/tube-renforce-50-mm-9200-r\/#primaryimage"},"image":{"@id":"https:\/\/sistemasdelfin.com\/fr\/boutique-en-ligne\/rideau-technique\/systemes-a-rouleaux\/tuyaux\/tube-renforce-50-mm-9200-r\/#primaryimage"},"thumbnailUrl":"https:\/\/sistemasdelfin.com\/wp-content\/uploads\/2022\/11\/1424557030_2ADU.jpg","datePublished":"2022-11-10T13:09:26+00:00","dateModified":"2024-01-18T08:41:33+00:00","breadcrumb":{"@id":"https:\/\/sistemasdelfin.com\/fr\/boutique-en-ligne\/rideau-technique\/systemes-a-rouleaux\/tuyaux\/tube-renforce-50-mm-9200-r\/#breadcrumb"},"inLanguage":"fr-FR","potentialAction":[{"@type":"ReadAction","target":["https:\/\/sistemasdelfin.com\/fr\/boutique-en-ligne\/rideau-technique\/systemes-a-rouleaux\/tuyaux\/tube-renforce-50-mm-9200-r\/"]}]},{"@type":"ImageObject","inLanguage":"fr-FR","@id":"https:\/\/sistemasdelfin.com\/fr\/boutique-en-ligne\/rideau-technique\/systemes-a-rouleaux\/tuyaux\/tube-renforce-50-mm-9200-r\/#primaryimage","url":"https:\/\/sistemasdelfin.com\/wp-content\/uploads\/2022\/11\/1424557030_2ADU.jpg","contentUrl":"https:\/\/sistemasdelfin.com\/wp-content\/uploads\/2022\/11\/1424557030_2ADU.jpg","width":800,"height":533,"caption":"1424557030_2adu"},{"@type":"BreadcrumbList","@id":"https:\/\/sistemasdelfin.com\/fr\/boutique-en-ligne\/rideau-technique\/systemes-a-rouleaux\/tuyaux\/tube-renforce-50-mm-9200-r\/#breadcrumb","itemListElement":[{"@type":"ListItem","position":1,"name":"Initier","item":"https:\/\/sistemasdelfin.com\/fr\/"},{"@type":"ListItem","position":2,"name":"tienda","item":"https:\/\/sistemasdelfin.com\/fr\/boutique-en-ligne\/"},{"@type":"ListItem","position":3,"name":"TUBE RENFORC\u00c9 50 MM (9200\/R)"}]},{"@type":"WebSite","@id":"https:\/\/sistemasdelfin.com\/fr\/#website","url":"https:\/\/sistemasdelfin.com\/fr\/","name":"Sistemas Delf\u00edn Tecno Cortinas","description":"","potentialAction":[{"@type":"SearchAction","target":{"@type":"EntryPoint","urlTemplate":"https:\/\/sistemasdelfin.com\/fr\/?s={search_term_string}"},"query-input":"required name=search_term_string"}],"inLanguage":"fr-FR"}]}},"_links":{"self":[{"href":"https:\/\/sistemasdelfin.com\/fr\/wp-json\/wp\/v2\/product\/388607"}],"collection":[{"href":"https:\/\/sistemasdelfin.com\/fr\/wp-json\/wp\/v2\/product"}],"about":[{"href":"https:\/\/sistemasdelfin.com\/fr\/wp-json\/wp\/v2\/types\/product"}],"wp:featuredmedia":[{"embeddable":true,"href":"https:\/\/sistemasdelfin.com\/fr\/wp-json\/wp\/v2\/media\/386907"}],"wp:attachment":[{"href":"https:\/\/sistemasdelfin.com\/fr\/wp-json\/wp\/v2\/media?parent=388607"}],"wp:term":[{"taxonomy":"product_cat","embeddable":true,"href":"https:\/\/sistemasdelfin.com\/fr\/wp-json\/wp\/v2\/product_cat?post=388607"},{"taxonomy":"product_tag","embeddable":true,"href":"https:\/\/sistemasdelfin.com\/fr\/wp-json\/wp\/v2\/product_tag?post=388607"}],"curies":[{"name":"wp","href":"https:\/\/api.w.org\/{rel}","templated":true}]}}