{"id":388579,"date":"2022-11-14T08:17:43","date_gmt":"2022-11-14T07:17:43","guid":{"rendered":"https:\/\/sistemasdelfin.com\/online-store\/non%20class\u00e9\/sistema-cable\/"},"modified":"2024-01-17T12:23:39","modified_gmt":"2024-01-17T11:23:39","slug":"systeme-de-cable","status":"publish","type":"product","link":"https:\/\/sistemasdelfin.com\/fr\/boutique-en-ligne\/rideau-technique\/systemes-a-rouleaux\/tige-et-cable-en-acier-inoxydable\/systeme-de-cable\/","title":{"rendered":"SYST\u00c8ME DE C\u00c2BLE"},"content":{"rendered":"","protected":false},"excerpt":{"rendered":"","protected":false},"featured_media":387011,"template":"","meta":{"_acf_changed":false,"_et_pb_use_builder":"","_et_pb_old_content":"","_et_gb_content_width":""},"product_cat":[102,188,195],"product_tag":[],"acf":[],"yoast_head":"<!-- This site is optimized with the Yoast SEO plugin v23.0 - https:\/\/yoast.com\/wordpress\/plugins\/seo\/ -->\n<title>SYST\u00c8ME DE C\u00c2BLE - Sistemas Delf\u00edn Tecno Cortinas<\/title>\n<meta name=\"robots\" content=\"index, follow, max-snippet:-1, max-image-preview:large, max-video-preview:-1\" \/>\n<link rel=\"canonical\" href=\"https:\/\/sistemasdelfin.com\/fr\/boutique-en-ligne\/rideau-technique\/systemes-a-rouleaux\/tige-et-cable-en-acier-inoxydable\/systeme-de-cable\/\" \/>\n<meta property=\"og:locale\" content=\"fr_FR\" \/>\n<meta property=\"og:type\" content=\"article\" \/>\n<meta property=\"og:title\" content=\"SYST\u00c8ME DE C\u00c2BLE - Sistemas Delf\u00edn Tecno Cortinas\" \/>\n<meta property=\"og:url\" content=\"https:\/\/sistemasdelfin.com\/fr\/boutique-en-ligne\/rideau-technique\/systemes-a-rouleaux\/tige-et-cable-en-acier-inoxydable\/systeme-de-cable\/\" \/>\n<meta property=\"og:site_name\" content=\"Sistemas Delf\u00edn Tecno Cortinas\" \/>\n<meta property=\"article:modified_time\" content=\"2024-01-17T11:23:39+00:00\" \/>\n<meta property=\"og:image\" content=\"https:\/\/sistemasdelfin.com\/wp-content\/uploads\/2022\/11\/1505722731_iof9.jpg\" \/>\n\t<meta property=\"og:image:width\" content=\"400\" \/>\n\t<meta property=\"og:image:height\" content=\"600\" \/>\n\t<meta property=\"og:image:type\" content=\"image\/jpeg\" \/>\n<meta name=\"twitter:card\" content=\"summary_large_image\" \/>\n<script type=\"application\/ld+json\" class=\"yoast-schema-graph\">{\"@context\":\"https:\/\/schema.org\",\"@graph\":[{\"@type\":\"WebPage\",\"@id\":\"https:\/\/sistemasdelfin.com\/fr\/boutique-en-ligne\/rideau-technique\/systemes-a-rouleaux\/tige-et-cable-en-acier-inoxydable\/systeme-de-cable\/\",\"url\":\"https:\/\/sistemasdelfin.com\/fr\/boutique-en-ligne\/rideau-technique\/systemes-a-rouleaux\/tige-et-cable-en-acier-inoxydable\/systeme-de-cable\/\",\"name\":\"SYST\u00c8ME DE C\u00c2BLE - Sistemas Delf\u00edn Tecno Cortinas\",\"isPartOf\":{\"@id\":\"https:\/\/sistemasdelfin.com\/fr\/#website\"},\"primaryImageOfPage\":{\"@id\":\"https:\/\/sistemasdelfin.com\/fr\/boutique-en-ligne\/rideau-technique\/systemes-a-rouleaux\/tige-et-cable-en-acier-inoxydable\/systeme-de-cable\/#primaryimage\"},\"image\":{\"@id\":\"https:\/\/sistemasdelfin.com\/fr\/boutique-en-ligne\/rideau-technique\/systemes-a-rouleaux\/tige-et-cable-en-acier-inoxydable\/systeme-de-cable\/#primaryimage\"},\"thumbnailUrl\":\"https:\/\/sistemasdelfin.com\/wp-content\/uploads\/2022\/11\/1505722731_iof9.jpg\",\"datePublished\":\"2022-11-14T07:17:43+00:00\",\"dateModified\":\"2024-01-17T11:23:39+00:00\",\"breadcrumb\":{\"@id\":\"https:\/\/sistemasdelfin.com\/fr\/boutique-en-ligne\/rideau-technique\/systemes-a-rouleaux\/tige-et-cable-en-acier-inoxydable\/systeme-de-cable\/#breadcrumb\"},\"inLanguage\":\"fr-FR\",\"potentialAction\":[{\"@type\":\"ReadAction\",\"target\":[\"https:\/\/sistemasdelfin.com\/fr\/boutique-en-ligne\/rideau-technique\/systemes-a-rouleaux\/tige-et-cable-en-acier-inoxydable\/systeme-de-cable\/\"]}]},{\"@type\":\"ImageObject\",\"inLanguage\":\"fr-FR\",\"@id\":\"https:\/\/sistemasdelfin.com\/fr\/boutique-en-ligne\/rideau-technique\/systemes-a-rouleaux\/tige-et-cable-en-acier-inoxydable\/systeme-de-cable\/#primaryimage\",\"url\":\"https:\/\/sistemasdelfin.com\/wp-content\/uploads\/2022\/11\/1505722731_iof9.jpg\",\"contentUrl\":\"https:\/\/sistemasdelfin.com\/wp-content\/uploads\/2022\/11\/1505722731_iof9.jpg\",\"width\":400,\"height\":600,\"caption\":\"1505722731_iof9\"},{\"@type\":\"BreadcrumbList\",\"@id\":\"https:\/\/sistemasdelfin.com\/fr\/boutique-en-ligne\/rideau-technique\/systemes-a-rouleaux\/tige-et-cable-en-acier-inoxydable\/systeme-de-cable\/#breadcrumb\",\"itemListElement\":[{\"@type\":\"ListItem\",\"position\":1,\"name\":\"Initier\",\"item\":\"https:\/\/sistemasdelfin.com\/fr\/\"},{\"@type\":\"ListItem\",\"position\":2,\"name\":\"tienda\",\"item\":\"https:\/\/sistemasdelfin.com\/fr\/boutique-en-ligne\/\"},{\"@type\":\"ListItem\",\"position\":3,\"name\":\"SYST\u00c8ME DE C\u00c2BLE\"}]},{\"@type\":\"WebSite\",\"@id\":\"https:\/\/sistemasdelfin.com\/fr\/#website\",\"url\":\"https:\/\/sistemasdelfin.com\/fr\/\",\"name\":\"Sistemas Delf\u00edn Tecno Cortinas\",\"description\":\"\",\"potentialAction\":[{\"@type\":\"SearchAction\",\"target\":{\"@type\":\"EntryPoint\",\"urlTemplate\":\"https:\/\/sistemasdelfin.com\/fr\/?s={search_term_string}\"},\"query-input\":\"required name=search_term_string\"}],\"inLanguage\":\"fr-FR\"}]}<\/script>\n<!-- \/ Yoast SEO plugin. -->","yoast_head_json":{"title":"SYST\u00c8ME DE C\u00c2BLE - Sistemas Delf\u00edn Tecno Cortinas","robots":{"index":"index","follow":"follow","max-snippet":"max-snippet:-1","max-image-preview":"max-image-preview:large","max-video-preview":"max-video-preview:-1"},"canonical":"https:\/\/sistemasdelfin.com\/fr\/boutique-en-ligne\/rideau-technique\/systemes-a-rouleaux\/tige-et-cable-en-acier-inoxydable\/systeme-de-cable\/","og_locale":"fr_FR","og_type":"article","og_title":"SYST\u00c8ME DE C\u00c2BLE - Sistemas Delf\u00edn Tecno Cortinas","og_url":"https:\/\/sistemasdelfin.com\/fr\/boutique-en-ligne\/rideau-technique\/systemes-a-rouleaux\/tige-et-cable-en-acier-inoxydable\/systeme-de-cable\/","og_site_name":"Sistemas Delf\u00edn Tecno Cortinas","article_modified_time":"2024-01-17T11:23:39+00:00","og_image":[{"width":400,"height":600,"url":"https:\/\/sistemasdelfin.com\/wp-content\/uploads\/2022\/11\/1505722731_iof9.jpg","type":"image\/jpeg"}],"twitter_card":"summary_large_image","schema":{"@context":"https:\/\/schema.org","@graph":[{"@type":"WebPage","@id":"https:\/\/sistemasdelfin.com\/fr\/boutique-en-ligne\/rideau-technique\/systemes-a-rouleaux\/tige-et-cable-en-acier-inoxydable\/systeme-de-cable\/","url":"https:\/\/sistemasdelfin.com\/fr\/boutique-en-ligne\/rideau-technique\/systemes-a-rouleaux\/tige-et-cable-en-acier-inoxydable\/systeme-de-cable\/","name":"SYST\u00c8ME DE C\u00c2BLE - Sistemas Delf\u00edn Tecno Cortinas","isPartOf":{"@id":"https:\/\/sistemasdelfin.com\/fr\/#website"},"primaryImageOfPage":{"@id":"https:\/\/sistemasdelfin.com\/fr\/boutique-en-ligne\/rideau-technique\/systemes-a-rouleaux\/tige-et-cable-en-acier-inoxydable\/systeme-de-cable\/#primaryimage"},"image":{"@id":"https:\/\/sistemasdelfin.com\/fr\/boutique-en-ligne\/rideau-technique\/systemes-a-rouleaux\/tige-et-cable-en-acier-inoxydable\/systeme-de-cable\/#primaryimage"},"thumbnailUrl":"https:\/\/sistemasdelfin.com\/wp-content\/uploads\/2022\/11\/1505722731_iof9.jpg","datePublished":"2022-11-14T07:17:43+00:00","dateModified":"2024-01-17T11:23:39+00:00","breadcrumb":{"@id":"https:\/\/sistemasdelfin.com\/fr\/boutique-en-ligne\/rideau-technique\/systemes-a-rouleaux\/tige-et-cable-en-acier-inoxydable\/systeme-de-cable\/#breadcrumb"},"inLanguage":"fr-FR","potentialAction":[{"@type":"ReadAction","target":["https:\/\/sistemasdelfin.com\/fr\/boutique-en-ligne\/rideau-technique\/systemes-a-rouleaux\/tige-et-cable-en-acier-inoxydable\/systeme-de-cable\/"]}]},{"@type":"ImageObject","inLanguage":"fr-FR","@id":"https:\/\/sistemasdelfin.com\/fr\/boutique-en-ligne\/rideau-technique\/systemes-a-rouleaux\/tige-et-cable-en-acier-inoxydable\/systeme-de-cable\/#primaryimage","url":"https:\/\/sistemasdelfin.com\/wp-content\/uploads\/2022\/11\/1505722731_iof9.jpg","contentUrl":"https:\/\/sistemasdelfin.com\/wp-content\/uploads\/2022\/11\/1505722731_iof9.jpg","width":400,"height":600,"caption":"1505722731_iof9"},{"@type":"BreadcrumbList","@id":"https:\/\/sistemasdelfin.com\/fr\/boutique-en-ligne\/rideau-technique\/systemes-a-rouleaux\/tige-et-cable-en-acier-inoxydable\/systeme-de-cable\/#breadcrumb","itemListElement":[{"@type":"ListItem","position":1,"name":"Initier","item":"https:\/\/sistemasdelfin.com\/fr\/"},{"@type":"ListItem","position":2,"name":"tienda","item":"https:\/\/sistemasdelfin.com\/fr\/boutique-en-ligne\/"},{"@type":"ListItem","position":3,"name":"SYST\u00c8ME DE C\u00c2BLE"}]},{"@type":"WebSite","@id":"https:\/\/sistemasdelfin.com\/fr\/#website","url":"https:\/\/sistemasdelfin.com\/fr\/","name":"Sistemas Delf\u00edn Tecno Cortinas","description":"","potentialAction":[{"@type":"SearchAction","target":{"@type":"EntryPoint","urlTemplate":"https:\/\/sistemasdelfin.com\/fr\/?s={search_term_string}"},"query-input":"required name=search_term_string"}],"inLanguage":"fr-FR"}]}},"_links":{"self":[{"href":"https:\/\/sistemasdelfin.com\/fr\/wp-json\/wp\/v2\/product\/388579"}],"collection":[{"href":"https:\/\/sistemasdelfin.com\/fr\/wp-json\/wp\/v2\/product"}],"about":[{"href":"https:\/\/sistemasdelfin.com\/fr\/wp-json\/wp\/v2\/types\/product"}],"wp:featuredmedia":[{"embeddable":true,"href":"https:\/\/sistemasdelfin.com\/fr\/wp-json\/wp\/v2\/media\/387011"}],"wp:attachment":[{"href":"https:\/\/sistemasdelfin.com\/fr\/wp-json\/wp\/v2\/media?parent=388579"}],"wp:term":[{"taxonomy":"product_cat","embeddable":true,"href":"https:\/\/sistemasdelfin.com\/fr\/wp-json\/wp\/v2\/product_cat?post=388579"},{"taxonomy":"product_tag","embeddable":true,"href":"https:\/\/sistemasdelfin.com\/fr\/wp-json\/wp\/v2\/product_tag?post=388579"}],"curies":[{"name":"wp","href":"https:\/\/api.w.org\/{rel}","templated":true}]}}