{"id":388433,"date":"2022-11-14T12:22:02","date_gmt":"2022-11-14T11:22:02","guid":{"rendered":"https:\/\/sistemasdelfin.com\/online-store\/non%20class\u00e9\/soporte-decorativo-9230\/"},"modified":"2022-12-02T12:32:25","modified_gmt":"2022-12-02T11:32:25","slug":"supports-decoratifs-9230","status":"publish","type":"product","link":"https:\/\/sistemasdelfin.com\/fr\/boutique-en-ligne\/rideau-decoratif\/supports-decoratifs\/supports-decoratifs-9230\/","title":{"rendered":"SUPPORTS D\u00c9CORATIFS 9230"},"content":{"rendered":"<p>&#8211; Couleurs : argent brillant, argent sabl\u00e9 et acier inoxydable.<br \/>\n&#8211; Syst\u00e8mes : panneau japonais, rouleaux et rideau.<\/p>\n","protected":false},"excerpt":{"rendered":"<p>&#8211; Couleurs : argent brillant, argent sabl\u00e9 et acier inoxydable. &#8211; Syst\u00e8mes : panneau japonais, rouleaux et rideau.<\/p>\n","protected":false},"featured_media":387591,"template":"","meta":{"_acf_changed":false,"_et_pb_use_builder":"","_et_pb_old_content":"","_et_gb_content_width":""},"product_cat":[107,118],"product_tag":[],"acf":[],"yoast_head":"<!-- This site is optimized with the Yoast SEO plugin v23.0 - https:\/\/yoast.com\/wordpress\/plugins\/seo\/ -->\n<title>SUPPORTS D\u00c9CORATIFS 9230 - Sistemas Delf\u00edn Tecno Cortinas<\/title>\n<meta name=\"robots\" content=\"index, follow, max-snippet:-1, max-image-preview:large, max-video-preview:-1\" \/>\n<link rel=\"canonical\" href=\"https:\/\/sistemasdelfin.com\/fr\/boutique-en-ligne\/rideau-decoratif\/supports-decoratifs\/supports-decoratifs-9230\/\" \/>\n<meta property=\"og:locale\" content=\"fr_FR\" \/>\n<meta property=\"og:type\" content=\"article\" \/>\n<meta property=\"og:title\" content=\"SUPPORTS D\u00c9CORATIFS 9230 - Sistemas Delf\u00edn Tecno Cortinas\" \/>\n<meta property=\"og:description\" content=\"&#8211; Couleurs : argent brillant, argent sabl\u00e9 et acier inoxydable. &#8211; Syst\u00e8mes : panneau japonais, rouleaux et rideau.\" \/>\n<meta property=\"og:url\" content=\"https:\/\/sistemasdelfin.com\/fr\/boutique-en-ligne\/rideau-decoratif\/supports-decoratifs\/supports-decoratifs-9230\/\" \/>\n<meta property=\"og:site_name\" content=\"Sistemas Delf\u00edn Tecno Cortinas\" \/>\n<meta property=\"article:modified_time\" content=\"2022-12-02T11:32:25+00:00\" \/>\n<meta property=\"og:image\" content=\"https:\/\/sistemasdelfin.com\/wp-content\/uploads\/2022\/11\/1495730284_OgdP.jpg\" \/>\n\t<meta property=\"og:image:width\" content=\"424\" \/>\n\t<meta property=\"og:image:height\" content=\"600\" \/>\n\t<meta property=\"og:image:type\" content=\"image\/jpeg\" \/>\n<meta name=\"twitter:card\" content=\"summary_large_image\" \/>\n<meta name=\"twitter:label1\" content=\"Dur\u00e9e de lecture estim\u00e9e\" \/>\n\t<meta name=\"twitter:data1\" content=\"1 minute\" \/>\n<script type=\"application\/ld+json\" class=\"yoast-schema-graph\">{\"@context\":\"https:\/\/schema.org\",\"@graph\":[{\"@type\":\"WebPage\",\"@id\":\"https:\/\/sistemasdelfin.com\/fr\/boutique-en-ligne\/rideau-decoratif\/supports-decoratifs\/supports-decoratifs-9230\/\",\"url\":\"https:\/\/sistemasdelfin.com\/fr\/boutique-en-ligne\/rideau-decoratif\/supports-decoratifs\/supports-decoratifs-9230\/\",\"name\":\"SUPPORTS D\u00c9CORATIFS 9230 - Sistemas Delf\u00edn Tecno Cortinas\",\"isPartOf\":{\"@id\":\"https:\/\/sistemasdelfin.com\/fr\/#website\"},\"primaryImageOfPage\":{\"@id\":\"https:\/\/sistemasdelfin.com\/fr\/boutique-en-ligne\/rideau-decoratif\/supports-decoratifs\/supports-decoratifs-9230\/#primaryimage\"},\"image\":{\"@id\":\"https:\/\/sistemasdelfin.com\/fr\/boutique-en-ligne\/rideau-decoratif\/supports-decoratifs\/supports-decoratifs-9230\/#primaryimage\"},\"thumbnailUrl\":\"https:\/\/sistemasdelfin.com\/wp-content\/uploads\/2022\/11\/1495730284_OgdP.jpg\",\"datePublished\":\"2022-11-14T11:22:02+00:00\",\"dateModified\":\"2022-12-02T11:32:25+00:00\",\"breadcrumb\":{\"@id\":\"https:\/\/sistemasdelfin.com\/fr\/boutique-en-ligne\/rideau-decoratif\/supports-decoratifs\/supports-decoratifs-9230\/#breadcrumb\"},\"inLanguage\":\"fr-FR\",\"potentialAction\":[{\"@type\":\"ReadAction\",\"target\":[\"https:\/\/sistemasdelfin.com\/fr\/boutique-en-ligne\/rideau-decoratif\/supports-decoratifs\/supports-decoratifs-9230\/\"]}]},{\"@type\":\"ImageObject\",\"inLanguage\":\"fr-FR\",\"@id\":\"https:\/\/sistemasdelfin.com\/fr\/boutique-en-ligne\/rideau-decoratif\/supports-decoratifs\/supports-decoratifs-9230\/#primaryimage\",\"url\":\"https:\/\/sistemasdelfin.com\/wp-content\/uploads\/2022\/11\/1495730284_OgdP.jpg\",\"contentUrl\":\"https:\/\/sistemasdelfin.com\/wp-content\/uploads\/2022\/11\/1495730284_OgdP.jpg\",\"width\":424,\"height\":600,\"caption\":\"1495730284_ogdp\"},{\"@type\":\"BreadcrumbList\",\"@id\":\"https:\/\/sistemasdelfin.com\/fr\/boutique-en-ligne\/rideau-decoratif\/supports-decoratifs\/supports-decoratifs-9230\/#breadcrumb\",\"itemListElement\":[{\"@type\":\"ListItem\",\"position\":1,\"name\":\"Initier\",\"item\":\"https:\/\/sistemasdelfin.com\/fr\/\"},{\"@type\":\"ListItem\",\"position\":2,\"name\":\"tienda\",\"item\":\"https:\/\/sistemasdelfin.com\/fr\/boutique-en-ligne\/\"},{\"@type\":\"ListItem\",\"position\":3,\"name\":\"SUPPORTS D\u00c9CORATIFS 9230\"}]},{\"@type\":\"WebSite\",\"@id\":\"https:\/\/sistemasdelfin.com\/fr\/#website\",\"url\":\"https:\/\/sistemasdelfin.com\/fr\/\",\"name\":\"Sistemas Delf\u00edn Tecno Cortinas\",\"description\":\"\",\"potentialAction\":[{\"@type\":\"SearchAction\",\"target\":{\"@type\":\"EntryPoint\",\"urlTemplate\":\"https:\/\/sistemasdelfin.com\/fr\/?s={search_term_string}\"},\"query-input\":\"required name=search_term_string\"}],\"inLanguage\":\"fr-FR\"}]}<\/script>\n<!-- \/ Yoast SEO plugin. -->","yoast_head_json":{"title":"SUPPORTS D\u00c9CORATIFS 9230 - Sistemas Delf\u00edn Tecno Cortinas","robots":{"index":"index","follow":"follow","max-snippet":"max-snippet:-1","max-image-preview":"max-image-preview:large","max-video-preview":"max-video-preview:-1"},"canonical":"https:\/\/sistemasdelfin.com\/fr\/boutique-en-ligne\/rideau-decoratif\/supports-decoratifs\/supports-decoratifs-9230\/","og_locale":"fr_FR","og_type":"article","og_title":"SUPPORTS D\u00c9CORATIFS 9230 - Sistemas Delf\u00edn Tecno Cortinas","og_description":"&#8211; Couleurs : argent brillant, argent sabl\u00e9 et acier inoxydable. &#8211; Syst\u00e8mes : panneau japonais, rouleaux et rideau.","og_url":"https:\/\/sistemasdelfin.com\/fr\/boutique-en-ligne\/rideau-decoratif\/supports-decoratifs\/supports-decoratifs-9230\/","og_site_name":"Sistemas Delf\u00edn Tecno Cortinas","article_modified_time":"2022-12-02T11:32:25+00:00","og_image":[{"width":424,"height":600,"url":"https:\/\/sistemasdelfin.com\/wp-content\/uploads\/2022\/11\/1495730284_OgdP.jpg","type":"image\/jpeg"}],"twitter_card":"summary_large_image","twitter_misc":{"Dur\u00e9e de lecture estim\u00e9e":"1 minute"},"schema":{"@context":"https:\/\/schema.org","@graph":[{"@type":"WebPage","@id":"https:\/\/sistemasdelfin.com\/fr\/boutique-en-ligne\/rideau-decoratif\/supports-decoratifs\/supports-decoratifs-9230\/","url":"https:\/\/sistemasdelfin.com\/fr\/boutique-en-ligne\/rideau-decoratif\/supports-decoratifs\/supports-decoratifs-9230\/","name":"SUPPORTS D\u00c9CORATIFS 9230 - Sistemas Delf\u00edn Tecno Cortinas","isPartOf":{"@id":"https:\/\/sistemasdelfin.com\/fr\/#website"},"primaryImageOfPage":{"@id":"https:\/\/sistemasdelfin.com\/fr\/boutique-en-ligne\/rideau-decoratif\/supports-decoratifs\/supports-decoratifs-9230\/#primaryimage"},"image":{"@id":"https:\/\/sistemasdelfin.com\/fr\/boutique-en-ligne\/rideau-decoratif\/supports-decoratifs\/supports-decoratifs-9230\/#primaryimage"},"thumbnailUrl":"https:\/\/sistemasdelfin.com\/wp-content\/uploads\/2022\/11\/1495730284_OgdP.jpg","datePublished":"2022-11-14T11:22:02+00:00","dateModified":"2022-12-02T11:32:25+00:00","breadcrumb":{"@id":"https:\/\/sistemasdelfin.com\/fr\/boutique-en-ligne\/rideau-decoratif\/supports-decoratifs\/supports-decoratifs-9230\/#breadcrumb"},"inLanguage":"fr-FR","potentialAction":[{"@type":"ReadAction","target":["https:\/\/sistemasdelfin.com\/fr\/boutique-en-ligne\/rideau-decoratif\/supports-decoratifs\/supports-decoratifs-9230\/"]}]},{"@type":"ImageObject","inLanguage":"fr-FR","@id":"https:\/\/sistemasdelfin.com\/fr\/boutique-en-ligne\/rideau-decoratif\/supports-decoratifs\/supports-decoratifs-9230\/#primaryimage","url":"https:\/\/sistemasdelfin.com\/wp-content\/uploads\/2022\/11\/1495730284_OgdP.jpg","contentUrl":"https:\/\/sistemasdelfin.com\/wp-content\/uploads\/2022\/11\/1495730284_OgdP.jpg","width":424,"height":600,"caption":"1495730284_ogdp"},{"@type":"BreadcrumbList","@id":"https:\/\/sistemasdelfin.com\/fr\/boutique-en-ligne\/rideau-decoratif\/supports-decoratifs\/supports-decoratifs-9230\/#breadcrumb","itemListElement":[{"@type":"ListItem","position":1,"name":"Initier","item":"https:\/\/sistemasdelfin.com\/fr\/"},{"@type":"ListItem","position":2,"name":"tienda","item":"https:\/\/sistemasdelfin.com\/fr\/boutique-en-ligne\/"},{"@type":"ListItem","position":3,"name":"SUPPORTS D\u00c9CORATIFS 9230"}]},{"@type":"WebSite","@id":"https:\/\/sistemasdelfin.com\/fr\/#website","url":"https:\/\/sistemasdelfin.com\/fr\/","name":"Sistemas Delf\u00edn Tecno Cortinas","description":"","potentialAction":[{"@type":"SearchAction","target":{"@type":"EntryPoint","urlTemplate":"https:\/\/sistemasdelfin.com\/fr\/?s={search_term_string}"},"query-input":"required name=search_term_string"}],"inLanguage":"fr-FR"}]}},"_links":{"self":[{"href":"https:\/\/sistemasdelfin.com\/fr\/wp-json\/wp\/v2\/product\/388433"}],"collection":[{"href":"https:\/\/sistemasdelfin.com\/fr\/wp-json\/wp\/v2\/product"}],"about":[{"href":"https:\/\/sistemasdelfin.com\/fr\/wp-json\/wp\/v2\/types\/product"}],"wp:featuredmedia":[{"embeddable":true,"href":"https:\/\/sistemasdelfin.com\/fr\/wp-json\/wp\/v2\/media\/387591"}],"wp:attachment":[{"href":"https:\/\/sistemasdelfin.com\/fr\/wp-json\/wp\/v2\/media?parent=388433"}],"wp:term":[{"taxonomy":"product_cat","embeddable":true,"href":"https:\/\/sistemasdelfin.com\/fr\/wp-json\/wp\/v2\/product_cat?post=388433"},{"taxonomy":"product_tag","embeddable":true,"href":"https:\/\/sistemasdelfin.com\/fr\/wp-json\/wp\/v2\/product_tag?post=388433"}],"curies":[{"name":"wp","href":"https:\/\/api.w.org\/{rel}","templated":true}]}}