{"id":388416,"date":"2022-11-14T12:40:41","date_gmt":"2022-11-14T11:40:41","guid":{"rendered":"https:\/\/sistemasdelfin.com\/online-store\/non%20class\u00e9\/galeria-6541\/"},"modified":"2023-11-16T12:04:21","modified_gmt":"2023-11-16T11:04:21","slug":"galerie-6541","status":"publish","type":"product","link":"https:\/\/sistemasdelfin.com\/fr\/boutique-en-ligne\/rideau-decoratif\/galeries\/6500-galerias-fr\/galerie-6541\/","title":{"rendered":"GALERIE 6541"},"content":{"rendered":"<p>Galerie d\u00e9corative adapt\u00e9e \u00e0 tout syst\u00e8me : store pliant, store enrouleur, panneau japonais, etc.<br \/>\nAvec une large gamme de couleurs d\u00e9coratives, il donnera \u00e0 votre abat-jour une touche de sophistication.<\/p>\n<p>&#8211; Couleurs : blanc, noir, argent brillant, argent mat, acier inoxydable et argent \u00e9meri.<br \/>\n&#8211; Maillons angulaires : 6542, 6542I.<br \/>\n&#8211; Embouts : 6543, 6544.<\/p>\n","protected":false},"excerpt":{"rendered":"<p>Galerie d\u00e9corative adapt\u00e9e \u00e0 tout syst\u00e8me : store pliant, store enrouleur, panneau japonais, etc. Avec une large gamme de couleurs d\u00e9coratives, il donnera \u00e0 votre abat-jour une touche de sophistication. &#8211; Couleurs : blanc, noir, argent brillant, argent mat, acier inoxydable et argent \u00e9meri. &#8211; Maillons angulaires : 6542, 6542I. &#8211; Embouts : 6543, 6544.<\/p>\n","protected":false},"featured_media":387639,"template":"","meta":{"_acf_changed":false,"_et_pb_use_builder":"","_et_pb_old_content":"","_et_gb_content_width":""},"product_cat":[115,112,107],"product_tag":[],"acf":[],"yoast_head":"<!-- This site is optimized with the Yoast SEO plugin v23.0 - https:\/\/yoast.com\/wordpress\/plugins\/seo\/ -->\n<title>GALERIE 6541 - Sistemas Delf\u00edn Tecno Cortinas<\/title>\n<meta name=\"robots\" content=\"index, follow, max-snippet:-1, max-image-preview:large, max-video-preview:-1\" \/>\n<link rel=\"canonical\" href=\"https:\/\/sistemasdelfin.com\/fr\/boutique-en-ligne\/rideau-decoratif\/galeries\/6500-galerias-fr\/galerie-6541\/\" \/>\n<meta property=\"og:locale\" content=\"fr_FR\" \/>\n<meta property=\"og:type\" content=\"article\" \/>\n<meta property=\"og:title\" content=\"GALERIE 6541 - Sistemas Delf\u00edn Tecno Cortinas\" \/>\n<meta property=\"og:description\" content=\"Galerie d\u00e9corative adapt\u00e9e \u00e0 tout syst\u00e8me : store pliant, store enrouleur, panneau japonais, etc. Avec une large gamme de couleurs d\u00e9coratives, il donnera \u00e0 votre abat-jour une touche de sophistication. &#8211; Couleurs : blanc, noir, argent brillant, argent mat, acier inoxydable et argent \u00e9meri. &#8211; Maillons angulaires : 6542, 6542I. &#8211; Embouts : 6543, 6544.\" \/>\n<meta property=\"og:url\" content=\"https:\/\/sistemasdelfin.com\/fr\/boutique-en-ligne\/rideau-decoratif\/galeries\/6500-galerias-fr\/galerie-6541\/\" \/>\n<meta property=\"og:site_name\" content=\"Sistemas Delf\u00edn Tecno Cortinas\" \/>\n<meta property=\"article:modified_time\" content=\"2023-11-16T11:04:21+00:00\" \/>\n<meta property=\"og:image\" content=\"https:\/\/sistemasdelfin.com\/wp-content\/uploads\/2022\/11\/1495728845_VQqp.jpg\" \/>\n\t<meta property=\"og:image:width\" content=\"424\" \/>\n\t<meta property=\"og:image:height\" content=\"600\" \/>\n\t<meta property=\"og:image:type\" content=\"image\/jpeg\" \/>\n<meta name=\"twitter:card\" content=\"summary_large_image\" \/>\n<meta name=\"twitter:label1\" content=\"Dur\u00e9e de lecture estim\u00e9e\" \/>\n\t<meta name=\"twitter:data1\" content=\"1 minute\" \/>\n<script type=\"application\/ld+json\" class=\"yoast-schema-graph\">{\"@context\":\"https:\/\/schema.org\",\"@graph\":[{\"@type\":\"WebPage\",\"@id\":\"https:\/\/sistemasdelfin.com\/fr\/boutique-en-ligne\/rideau-decoratif\/galeries\/6500-galerias-fr\/galerie-6541\/\",\"url\":\"https:\/\/sistemasdelfin.com\/fr\/boutique-en-ligne\/rideau-decoratif\/galeries\/6500-galerias-fr\/galerie-6541\/\",\"name\":\"GALERIE 6541 - Sistemas Delf\u00edn Tecno Cortinas\",\"isPartOf\":{\"@id\":\"https:\/\/sistemasdelfin.com\/fr\/#website\"},\"primaryImageOfPage\":{\"@id\":\"https:\/\/sistemasdelfin.com\/fr\/boutique-en-ligne\/rideau-decoratif\/galeries\/6500-galerias-fr\/galerie-6541\/#primaryimage\"},\"image\":{\"@id\":\"https:\/\/sistemasdelfin.com\/fr\/boutique-en-ligne\/rideau-decoratif\/galeries\/6500-galerias-fr\/galerie-6541\/#primaryimage\"},\"thumbnailUrl\":\"https:\/\/sistemasdelfin.com\/wp-content\/uploads\/2022\/11\/1495728845_VQqp.jpg\",\"datePublished\":\"2022-11-14T11:40:41+00:00\",\"dateModified\":\"2023-11-16T11:04:21+00:00\",\"breadcrumb\":{\"@id\":\"https:\/\/sistemasdelfin.com\/fr\/boutique-en-ligne\/rideau-decoratif\/galeries\/6500-galerias-fr\/galerie-6541\/#breadcrumb\"},\"inLanguage\":\"fr-FR\",\"potentialAction\":[{\"@type\":\"ReadAction\",\"target\":[\"https:\/\/sistemasdelfin.com\/fr\/boutique-en-ligne\/rideau-decoratif\/galeries\/6500-galerias-fr\/galerie-6541\/\"]}]},{\"@type\":\"ImageObject\",\"inLanguage\":\"fr-FR\",\"@id\":\"https:\/\/sistemasdelfin.com\/fr\/boutique-en-ligne\/rideau-decoratif\/galeries\/6500-galerias-fr\/galerie-6541\/#primaryimage\",\"url\":\"https:\/\/sistemasdelfin.com\/wp-content\/uploads\/2022\/11\/1495728845_VQqp.jpg\",\"contentUrl\":\"https:\/\/sistemasdelfin.com\/wp-content\/uploads\/2022\/11\/1495728845_VQqp.jpg\",\"width\":424,\"height\":600,\"caption\":\"1495728845_vqqp\"},{\"@type\":\"BreadcrumbList\",\"@id\":\"https:\/\/sistemasdelfin.com\/fr\/boutique-en-ligne\/rideau-decoratif\/galeries\/6500-galerias-fr\/galerie-6541\/#breadcrumb\",\"itemListElement\":[{\"@type\":\"ListItem\",\"position\":1,\"name\":\"Initier\",\"item\":\"https:\/\/sistemasdelfin.com\/fr\/\"},{\"@type\":\"ListItem\",\"position\":2,\"name\":\"tienda\",\"item\":\"https:\/\/sistemasdelfin.com\/fr\/boutique-en-ligne\/\"},{\"@type\":\"ListItem\",\"position\":3,\"name\":\"GALERIE 6541\"}]},{\"@type\":\"WebSite\",\"@id\":\"https:\/\/sistemasdelfin.com\/fr\/#website\",\"url\":\"https:\/\/sistemasdelfin.com\/fr\/\",\"name\":\"Sistemas Delf\u00edn Tecno Cortinas\",\"description\":\"\",\"potentialAction\":[{\"@type\":\"SearchAction\",\"target\":{\"@type\":\"EntryPoint\",\"urlTemplate\":\"https:\/\/sistemasdelfin.com\/fr\/?s={search_term_string}\"},\"query-input\":\"required name=search_term_string\"}],\"inLanguage\":\"fr-FR\"}]}<\/script>\n<!-- \/ Yoast SEO plugin. -->","yoast_head_json":{"title":"GALERIE 6541 - Sistemas Delf\u00edn Tecno Cortinas","robots":{"index":"index","follow":"follow","max-snippet":"max-snippet:-1","max-image-preview":"max-image-preview:large","max-video-preview":"max-video-preview:-1"},"canonical":"https:\/\/sistemasdelfin.com\/fr\/boutique-en-ligne\/rideau-decoratif\/galeries\/6500-galerias-fr\/galerie-6541\/","og_locale":"fr_FR","og_type":"article","og_title":"GALERIE 6541 - Sistemas Delf\u00edn Tecno Cortinas","og_description":"Galerie d\u00e9corative adapt\u00e9e \u00e0 tout syst\u00e8me : store pliant, store enrouleur, panneau japonais, etc. Avec une large gamme de couleurs d\u00e9coratives, il donnera \u00e0 votre abat-jour une touche de sophistication. &#8211; Couleurs : blanc, noir, argent brillant, argent mat, acier inoxydable et argent \u00e9meri. &#8211; Maillons angulaires : 6542, 6542I. &#8211; Embouts : 6543, 6544.","og_url":"https:\/\/sistemasdelfin.com\/fr\/boutique-en-ligne\/rideau-decoratif\/galeries\/6500-galerias-fr\/galerie-6541\/","og_site_name":"Sistemas Delf\u00edn Tecno Cortinas","article_modified_time":"2023-11-16T11:04:21+00:00","og_image":[{"width":424,"height":600,"url":"https:\/\/sistemasdelfin.com\/wp-content\/uploads\/2022\/11\/1495728845_VQqp.jpg","type":"image\/jpeg"}],"twitter_card":"summary_large_image","twitter_misc":{"Dur\u00e9e de lecture estim\u00e9e":"1 minute"},"schema":{"@context":"https:\/\/schema.org","@graph":[{"@type":"WebPage","@id":"https:\/\/sistemasdelfin.com\/fr\/boutique-en-ligne\/rideau-decoratif\/galeries\/6500-galerias-fr\/galerie-6541\/","url":"https:\/\/sistemasdelfin.com\/fr\/boutique-en-ligne\/rideau-decoratif\/galeries\/6500-galerias-fr\/galerie-6541\/","name":"GALERIE 6541 - Sistemas Delf\u00edn Tecno Cortinas","isPartOf":{"@id":"https:\/\/sistemasdelfin.com\/fr\/#website"},"primaryImageOfPage":{"@id":"https:\/\/sistemasdelfin.com\/fr\/boutique-en-ligne\/rideau-decoratif\/galeries\/6500-galerias-fr\/galerie-6541\/#primaryimage"},"image":{"@id":"https:\/\/sistemasdelfin.com\/fr\/boutique-en-ligne\/rideau-decoratif\/galeries\/6500-galerias-fr\/galerie-6541\/#primaryimage"},"thumbnailUrl":"https:\/\/sistemasdelfin.com\/wp-content\/uploads\/2022\/11\/1495728845_VQqp.jpg","datePublished":"2022-11-14T11:40:41+00:00","dateModified":"2023-11-16T11:04:21+00:00","breadcrumb":{"@id":"https:\/\/sistemasdelfin.com\/fr\/boutique-en-ligne\/rideau-decoratif\/galeries\/6500-galerias-fr\/galerie-6541\/#breadcrumb"},"inLanguage":"fr-FR","potentialAction":[{"@type":"ReadAction","target":["https:\/\/sistemasdelfin.com\/fr\/boutique-en-ligne\/rideau-decoratif\/galeries\/6500-galerias-fr\/galerie-6541\/"]}]},{"@type":"ImageObject","inLanguage":"fr-FR","@id":"https:\/\/sistemasdelfin.com\/fr\/boutique-en-ligne\/rideau-decoratif\/galeries\/6500-galerias-fr\/galerie-6541\/#primaryimage","url":"https:\/\/sistemasdelfin.com\/wp-content\/uploads\/2022\/11\/1495728845_VQqp.jpg","contentUrl":"https:\/\/sistemasdelfin.com\/wp-content\/uploads\/2022\/11\/1495728845_VQqp.jpg","width":424,"height":600,"caption":"1495728845_vqqp"},{"@type":"BreadcrumbList","@id":"https:\/\/sistemasdelfin.com\/fr\/boutique-en-ligne\/rideau-decoratif\/galeries\/6500-galerias-fr\/galerie-6541\/#breadcrumb","itemListElement":[{"@type":"ListItem","position":1,"name":"Initier","item":"https:\/\/sistemasdelfin.com\/fr\/"},{"@type":"ListItem","position":2,"name":"tienda","item":"https:\/\/sistemasdelfin.com\/fr\/boutique-en-ligne\/"},{"@type":"ListItem","position":3,"name":"GALERIE 6541"}]},{"@type":"WebSite","@id":"https:\/\/sistemasdelfin.com\/fr\/#website","url":"https:\/\/sistemasdelfin.com\/fr\/","name":"Sistemas Delf\u00edn Tecno Cortinas","description":"","potentialAction":[{"@type":"SearchAction","target":{"@type":"EntryPoint","urlTemplate":"https:\/\/sistemasdelfin.com\/fr\/?s={search_term_string}"},"query-input":"required name=search_term_string"}],"inLanguage":"fr-FR"}]}},"_links":{"self":[{"href":"https:\/\/sistemasdelfin.com\/fr\/wp-json\/wp\/v2\/product\/388416"}],"collection":[{"href":"https:\/\/sistemasdelfin.com\/fr\/wp-json\/wp\/v2\/product"}],"about":[{"href":"https:\/\/sistemasdelfin.com\/fr\/wp-json\/wp\/v2\/types\/product"}],"wp:featuredmedia":[{"embeddable":true,"href":"https:\/\/sistemasdelfin.com\/fr\/wp-json\/wp\/v2\/media\/387639"}],"wp:attachment":[{"href":"https:\/\/sistemasdelfin.com\/fr\/wp-json\/wp\/v2\/media?parent=388416"}],"wp:term":[{"taxonomy":"product_cat","embeddable":true,"href":"https:\/\/sistemasdelfin.com\/fr\/wp-json\/wp\/v2\/product_cat?post=388416"},{"taxonomy":"product_tag","embeddable":true,"href":"https:\/\/sistemasdelfin.com\/fr\/wp-json\/wp\/v2\/product_tag?post=388416"}],"curies":[{"name":"wp","href":"https:\/\/api.w.org\/{rel}","templated":true}]}}